{"id":240,"date":"2022-05-30T06:29:51","date_gmt":"2022-05-30T06:29:51","guid":{"rendered":"https:\/\/avas.live\/dental-clinic\/?page_id=240"},"modified":"2023-05-20T01:19:53","modified_gmt":"2023-05-20T01:19:53","slug":"coaches","status":"publish","type":"page","link":"https:\/\/linguabybhk.com\/index.php\/coaches\/","title":{"rendered":"Formateurs"},"content":{"rendered":"\t\t<div data-elementor-type=\"wp-page\" data-elementor-id=\"240\" class=\"elementor elementor-240\">\n\t\t\t\t\t\t\t\t\t<section class=\"elementor-section elementor-top-section elementor-element elementor-element-42a0196 elementor-section-boxed elementor-section-height-default elementor-section-height-default\" data-id=\"42a0196\" data-element_type=\"section\">\n\t\t\t\t\t\t<div class=\"elementor-container elementor-column-gap-default\">\n\t\t\t\t\t<div class=\"elementor-column elementor-col-100 elementor-top-column elementor-element elementor-element-115068d\" data-id=\"115068d\" data-element_type=\"column\">\n\t\t\t<div class=\"elementor-widget-wrap elementor-element-populated\">\n\t\t\t\t\t\t\t\t<div class=\"elementor-element elementor-element-92f7fdb elementor-widget elementor-widget-text-editor\" data-id=\"92f7fdb\" data-element_type=\"widget\" data-widget_type=\"text-editor.default\">\n\t\t\t\t<div class=\"elementor-widget-container\">\n\t\t\t<style>\/*! elementor - v3.11.1 - 15-02-2023 *\/\n.elementor-widget-text-editor.elementor-drop-cap-view-stacked .elementor-drop-cap{background-color:#818a91;color:#fff}.elementor-widget-text-editor.elementor-drop-cap-view-framed .elementor-drop-cap{color:#818a91;border:3px solid;background-color:transparent}.elementor-widget-text-editor:not(.elementor-drop-cap-view-default) .elementor-drop-cap{margin-top:8px}.elementor-widget-text-editor:not(.elementor-drop-cap-view-default) .elementor-drop-cap-letter{width:1em;height:1em}.elementor-widget-text-editor .elementor-drop-cap{float:left;text-align:center;line-height:1;font-size:50px}.elementor-widget-text-editor .elementor-drop-cap-letter{display:inline-block}<\/style>\t\t\t\t<p>D\u00e9couvrez les coachs d\u00e9vou\u00e9s et exp\u00e9riment\u00e9s qui font de Lingua Etc l&#8217;\u00e9cole de langue anglaise de premier plan. Notre \u00e9quipe de coachs est passionn\u00e9e par l&#8217;enseignement et a fait ses preuves en aidant les \u00e9tudiants \u00e0 atteindre leurs objectifs d&#8217;apprentissage de langue. Sur notre page &#8220;Rencontrez nos coachs&#8221;, vous pouvez en apprendre davantage sur leurs parcours, leur exp\u00e9rience d&#8217;enseignement et leurs domaines d&#8217;expertise afin de mieux les conna\u00eetre, chacun d&#8217;entre eux.<\/p>\t\t\t\t\t\t<\/div>\n\t\t\t\t<\/div>\n\t\t\t\t<div class=\"elementor-element elementor-element-1cc1036 elementor-invisible elementor-widget elementor-widget-avas-team\" data-id=\"1cc1036\" data-element_type=\"widget\" data-settings=\"{&quot;_animation&quot;:&quot;fadeIn&quot;}\" data-widget_type=\"avas-team.default\">\n\t\t\t\t<div class=\"elementor-widget-container\">\n\t\t\t\n\n            <!-- <div class=\"row\"> -->\n                <div class=\"tx-team-cols\">\n                                    \n                            <div class=\"team card_t\">\n                                <figure>\n                                    <a href=\"https:\/\/linguabybhk.com\/index.php\/team\/coach-tina\/\" rel=\"bookmark\">\n                                    <img loading=\"lazy\" width=\"270\" height=\"300\" src=\"https:\/\/linguabybhk.com\/wp-content\/uploads\/2023\/03\/lingua-coaches-5-270x300.jpg\" class=\"attachment-tx-t-thumb size-tx-t-thumb wp-post-image\" alt=\"\" decoding=\"async\" \/>      \n                                    \n                                                                        <\/a>\n                                                                            <div class=\"tx-team-card\">\n                                                                                    <h4><a href=\"https:\/\/linguabybhk.com\/index.php\/team\/coach-tina\/\" rel=\"bookmark\">Coach Tina<\/a><\/h4>\n                                                                                \n                                        \n                                        \n                                                                                <\/div>\n                                     \n                                <\/figure>\n                            <\/div><!-- team -->\n                    \n                                \n                            <div class=\"team card_t\">\n                                <figure>\n                                    <a href=\"https:\/\/linguabybhk.com\/index.php\/team\/coach-nafisat\/\" rel=\"bookmark\">\n                                    <img loading=\"lazy\" width=\"270\" height=\"300\" src=\"https:\/\/linguabybhk.com\/wp-content\/uploads\/2023\/03\/lingua-etc-coaches-2-270x300.jpg\" class=\"attachment-tx-t-thumb size-tx-t-thumb wp-post-image\" alt=\"\" decoding=\"async\" \/>      \n                                    \n                                                                        <\/a>\n                                                                            <div class=\"tx-team-card\">\n                                                                                    <h4><a href=\"https:\/\/linguabybhk.com\/index.php\/team\/coach-nafisat\/\" rel=\"bookmark\">Coach Nafisat<\/a><\/h4>\n                                                                                \n                                        \n                                        \n                                                                                <\/div>\n                                     \n                                <\/figure>\n                            <\/div><!-- team -->\n                    \n                                \n                            <div class=\"team card_t\">\n                                <figure>\n                                    <a href=\"https:\/\/linguabybhk.com\/index.php\/team\/coach-nafi\/\" rel=\"bookmark\">\n                                    <img loading=\"lazy\" width=\"270\" height=\"300\" src=\"https:\/\/linguabybhk.com\/wp-content\/uploads\/2023\/03\/lingua-etc-coaches-4-270x300.jpg\" class=\"attachment-tx-t-thumb size-tx-t-thumb wp-post-image\" alt=\"\" decoding=\"async\" \/>      \n                                    \n                                                                        <\/a>\n                                                                            <div class=\"tx-team-card\">\n                                                                                    <h4><a href=\"https:\/\/linguabybhk.com\/index.php\/team\/coach-nafi\/\" rel=\"bookmark\">Coach Nafi<\/a><\/h4>\n                                                                                \n                                        \n                                        \n                                                                                <\/div>\n                                     \n                                <\/figure>\n                            <\/div><!-- team -->\n                    \n                                \n                            <div class=\"team card_t\">\n                                <figure>\n                                    <a href=\"https:\/\/linguabybhk.com\/index.php\/team\/coach-misk\/\" rel=\"bookmark\">\n                                    <img loading=\"lazy\" width=\"270\" height=\"300\" src=\"https:\/\/linguabybhk.com\/wp-content\/uploads\/2023\/03\/LINGUA-ETC-COACH-6-270x300.jpg\" class=\"attachment-tx-t-thumb size-tx-t-thumb wp-post-image\" alt=\"\" decoding=\"async\" \/>      \n                                    \n                                                                        <\/a>\n                                                                            <div class=\"tx-team-card\">\n                                                                                    <h4><a href=\"https:\/\/linguabybhk.com\/index.php\/team\/coach-misk\/\" rel=\"bookmark\">Coach Misk<\/a><\/h4>\n                                                                                \n                                        \n                                        \n                                                                                <\/div>\n                                     \n                                <\/figure>\n                            <\/div><!-- team -->\n                    \n                                \n                            <div class=\"team card_t\">\n                                <figure>\n                                    <a href=\"https:\/\/linguabybhk.com\/index.php\/team\/coach-mirabel\/\" rel=\"bookmark\">\n                                    <img loading=\"lazy\" width=\"270\" height=\"300\" src=\"https:\/\/linguabybhk.com\/wp-content\/uploads\/2023\/03\/lingua-coach-13-270x300.jpg\" class=\"attachment-tx-t-thumb size-tx-t-thumb wp-post-image\" alt=\"\" decoding=\"async\" \/>      \n                                    \n                                                                        <\/a>\n                                                                            <div class=\"tx-team-card\">\n                                                                                    <h4><a href=\"https:\/\/linguabybhk.com\/index.php\/team\/coach-mirabel\/\" rel=\"bookmark\">Coach Mirabel<\/a><\/h4>\n                                                                                \n                                        \n                                        \n                                                                                <\/div>\n                                     \n                                <\/figure>\n                            <\/div><!-- team -->\n                    \n                                \n                            <div class=\"team card_t\">\n                                <figure>\n                                    <a href=\"https:\/\/linguabybhk.com\/index.php\/team\/coach-florian\/\" rel=\"bookmark\">\n                                    <img loading=\"lazy\" width=\"270\" height=\"300\" src=\"https:\/\/linguabybhk.com\/wp-content\/uploads\/2023\/03\/lingua-coach-12-270x300.jpg\" class=\"attachment-tx-t-thumb size-tx-t-thumb wp-post-image\" alt=\"\" decoding=\"async\" \/>      \n                                    \n                                                                        <\/a>\n                                                                            <div class=\"tx-team-card\">\n                                                                                    <h4><a href=\"https:\/\/linguabybhk.com\/index.php\/team\/coach-florian\/\" rel=\"bookmark\">Coach Florian<\/a><\/h4>\n                                                                                \n                                        \n                                        \n                                                                                <\/div>\n                                     \n                                <\/figure>\n                            <\/div><!-- team -->\n                    \n                                \n                            <div class=\"team card_t\">\n                                <figure>\n                                    <a href=\"https:\/\/linguabybhk.com\/index.php\/team\/coach-ezinne\/\" rel=\"bookmark\">\n                                    <img loading=\"lazy\" width=\"270\" height=\"300\" src=\"https:\/\/linguabybhk.com\/wp-content\/uploads\/2023\/03\/lingua-coaches-7-270x300.jpg\" class=\"attachment-tx-t-thumb size-tx-t-thumb wp-post-image\" alt=\"\" decoding=\"async\" \/>      \n                                    \n                                                                        <\/a>\n                                                                            <div class=\"tx-team-card\">\n                                                                                    <h4><a href=\"https:\/\/linguabybhk.com\/index.php\/team\/coach-ezinne\/\" rel=\"bookmark\">Coach Ezinne<\/a><\/h4>\n                                                                                \n                                        \n                                        \n                                                                                <\/div>\n                                     \n                                <\/figure>\n                            <\/div><!-- team -->\n                    \n                                \n                            <div class=\"team card_t\">\n                                <figure>\n                                    <a href=\"https:\/\/linguabybhk.com\/index.php\/team\/coach-chidinma\/\" rel=\"bookmark\">\n                                    <img loading=\"lazy\" width=\"270\" height=\"300\" src=\"https:\/\/linguabybhk.com\/wp-content\/uploads\/2023\/03\/lingua-etc-coaches-3-270x300.jpg\" class=\"attachment-tx-t-thumb size-tx-t-thumb wp-post-image\" alt=\"\" decoding=\"async\" \/>      \n                                    \n                                                                        <\/a>\n                                                                            <div class=\"tx-team-card\">\n                                                                                    <h4><a href=\"https:\/\/linguabybhk.com\/index.php\/team\/coach-chidinma\/\" rel=\"bookmark\">Coach Chidinma<\/a><\/h4>\n                                                                                \n                                        \n                                        \n                                                                                <\/div>\n                                     \n                                <\/figure>\n                            <\/div><!-- team -->\n                    \n                                \n                            <div class=\"team card_t\">\n                                <figure>\n                                    <a href=\"https:\/\/linguabybhk.com\/index.php\/team\/coach-amanda\/\" rel=\"bookmark\">\n                                    <img loading=\"lazy\" width=\"270\" height=\"300\" src=\"https:\/\/linguabybhk.com\/wp-content\/uploads\/2023\/03\/lingua-etc-coaches-1-270x300.jpg\" class=\"attachment-tx-t-thumb size-tx-t-thumb wp-post-image\" alt=\"\" decoding=\"async\" \/>      \n                                    \n                                                                        <\/a>\n                                                                            <div class=\"tx-team-card\">\n                                                                                    <h4><a href=\"https:\/\/linguabybhk.com\/index.php\/team\/coach-amanda\/\" rel=\"bookmark\">Coach Amanda<\/a><\/h4>\n                                                                                \n                                        \n                                        \n                                                                                <\/div>\n                                     \n                                <\/figure>\n                            <\/div><!-- team -->\n                    \n                                \n                            <div class=\"team card_t\">\n                                <figure>\n                                    <a href=\"https:\/\/linguabybhk.com\/index.php\/team\/head-coach-bernard\/\" rel=\"bookmark\">\n                                    <img loading=\"lazy\" width=\"270\" height=\"300\" src=\"https:\/\/linguabybhk.com\/wp-content\/uploads\/2023\/03\/lingua-coach-11-270x300.jpg\" class=\"attachment-tx-t-thumb size-tx-t-thumb wp-post-image\" alt=\"\" decoding=\"async\" \/>      \n                                    \n                                                                        <\/a>\n                                                                            <div class=\"tx-team-card\">\n                                                                                    <h4><a href=\"https:\/\/linguabybhk.com\/index.php\/team\/head-coach-bernard\/\" rel=\"bookmark\">Chef Coach <\/a><\/h4>\n                                                                                \n                                        \n                                        \n                                                                                <\/div>\n                                     \n                                <\/figure>\n                            <\/div><!-- team -->\n                    \n                                                    <\/div><!-- tx-team-cols -->\n            <!-- <\/div> --><!-- \/.row -->\n        <div class=\"clearfix\"><\/div>\n\n        \t\t<\/div>\n\t\t\t\t<\/div>\n\t\t\t\t\t<\/div>\n\t\t<\/div>\n\t\t\t\t\t\t\t<\/div>\n\t\t<\/section>\n\t\t\t\t<section class=\"elementor-section elementor-top-section elementor-element elementor-element-b515bde elementor-section-stretched elementor-section-boxed elementor-section-height-default elementor-section-height-default\" data-id=\"b515bde\" data-element_type=\"section\" data-settings=\"{&quot;stretch_section&quot;:&quot;section-stretched&quot;,&quot;background_background&quot;:&quot;classic&quot;}\">\n\t\t\t\t\t\t\t<div class=\"elementor-background-overlay\"><\/div>\n\t\t\t\t\t\t\t<div class=\"elementor-container elementor-column-gap-default\">\n\t\t\t\t\t<div class=\"elementor-column elementor-col-33 elementor-top-column elementor-element elementor-element-c4e4b44 elementor-invisible\" data-id=\"c4e4b44\" data-element_type=\"column\" data-settings=\"{&quot;animation&quot;:&quot;fadeInLeft&quot;}\">\n\t\t\t<div class=\"elementor-widget-wrap elementor-element-populated\">\n\t\t\t\t\t\t\t\t<div class=\"elementor-element elementor-element-285cfab tx-hd-align-left elementor-widget elementor-widget-avas-heading\" data-id=\"285cfab\" data-element_type=\"widget\" data-widget_type=\"avas-heading.default\">\n\t\t\t\t<div class=\"elementor-widget-container\">\n\t\t\t        <div class=\"tx-hd-wrap\">\n\n            <div class=\"tx-hd-wm\"><\/div>\n\n            \n            <div class=\"tx-hd-sub\"><\/div>\n                        <h2 class=\"tx-hd-title\">\n                <span class=\"tx-hd-first-part\">Easy language learning with assured quality and guarenteed success!<\/span>\n                <span class=\"tx-hd-last-part\"><\/span>\n            <\/h2>    \n            \n            <div class=\"tx-hd-desc\"><p>Contact us by phone, email, or using our online enquiry form. We are located in Cotonou, Benin Republic and are open for business during regular business hours.<\/p><\/div>\n\n\n                   \n        <\/div><!-- tx-hd-wrap -->\n\n\n\n\n\n\n\n\n\t\t<\/div>\n\t\t\t\t<\/div>\n\t\t\t\t<div class=\"elementor-element elementor-element-1b0bd9e elementor-widget elementor-widget-button\" data-id=\"1b0bd9e\" data-element_type=\"widget\" data-widget_type=\"button.default\">\n\t\t\t\t<div class=\"elementor-widget-container\">\n\t\t\t\t\t<div class=\"elementor-button-wrapper\">\n\t\t\t<a class=\"elementor-button elementor-size-sm\" role=\"button\">\n\t\t\t\t\t\t<span class=\"elementor-button-content-wrapper\">\n\t\t\t\t\t\t<span class=\"elementor-button-text\">Contact Us<\/span>\n\t\t<\/span>\n\t\t\t\t\t<\/a>\n\t\t<\/div>\n\t\t\t\t<\/div>\n\t\t\t\t<\/div>\n\t\t\t\t\t<\/div>\n\t\t<\/div>\n\t\t\t\t<div class=\"elementor-column elementor-col-33 elementor-top-column elementor-element elementor-element-b4f3570\" data-id=\"b4f3570\" data-element_type=\"column\">\n\t\t\t<div class=\"elementor-widget-wrap\">\n\t\t\t\t\t\t\t\t\t<\/div>\n\t\t<\/div>\n\t\t\t\t<div class=\"elementor-column elementor-col-33 elementor-top-column elementor-element elementor-element-3175f33 elementor-invisible\" data-id=\"3175f33\" data-element_type=\"column\" data-settings=\"{&quot;animation&quot;:&quot;fadeInRight&quot;}\">\n\t\t\t<div class=\"elementor-widget-wrap elementor-element-populated\">\n\t\t\t\t\t\t\t\t<div class=\"elementor-element elementor-element-9e5fa03 elementor-widget elementor-widget-image\" data-id=\"9e5fa03\" data-element_type=\"widget\" data-widget_type=\"image.default\">\n\t\t\t\t<div class=\"elementor-widget-container\">\n\t\t\t<style>\/*! elementor - v3.11.1 - 15-02-2023 *\/\n.elementor-widget-image{text-align:center}.elementor-widget-image a{display:inline-block}.elementor-widget-image a img[src$=\".svg\"]{width:48px}.elementor-widget-image img{vertical-align:middle;display:inline-block}<\/style>\t\t\t\t\t\t\t\t\t\t\t\t<img decoding=\"async\" loading=\"lazy\" width=\"70\" height=\"70\" src=\"https:\/\/linguabybhk.com\/wp-content\/uploads\/2022\/05\/phone_70.png\" class=\"attachment-full size-full wp-image-193\" alt=\"\" \/>\t\t\t\t\t\t\t\t\t\t\t\t\t\t\t<\/div>\n\t\t\t\t<\/div>\n\t\t\t\t<div class=\"elementor-element elementor-element-94b7b27 elementor-widget elementor-widget-heading\" data-id=\"94b7b27\" data-element_type=\"widget\" data-widget_type=\"heading.default\">\n\t\t\t\t<div class=\"elementor-widget-container\">\n\t\t\t<style>\/*! elementor - v3.11.1 - 15-02-2023 *\/\n.elementor-heading-title{padding:0;margin:0;line-height:1}.elementor-widget-heading .elementor-heading-title[class*=elementor-size-]>a{color:inherit;font-size:inherit;line-height:inherit}.elementor-widget-heading .elementor-heading-title.elementor-size-small{font-size:15px}.elementor-widget-heading .elementor-heading-title.elementor-size-medium{font-size:19px}.elementor-widget-heading .elementor-heading-title.elementor-size-large{font-size:29px}.elementor-widget-heading .elementor-heading-title.elementor-size-xl{font-size:39px}.elementor-widget-heading .elementor-heading-title.elementor-size-xxl{font-size:59px}<\/style><h2 class=\"elementor-heading-title elementor-size-default\">Call Us <\/h2>\t\t<\/div>\n\t\t\t\t<\/div>\n\t\t\t\t<div class=\"elementor-element elementor-element-9258d53 elementor-widget elementor-widget-avas-animated-heading\" data-id=\"9258d53\" data-element_type=\"widget\" data-widget_type=\"avas-animated-heading.default\">\n\t\t\t\t<div class=\"elementor-widget-container\">\n\t\t\t\n    <div class=\"tx-animated-heading-wrap\" data-settings=\"{&quot;styles&quot;:&quot;typed&quot;,&quot;strings&quot;:[&quot;+ 229 52 22 82 80&quot;],&quot;typeSpeed&quot;:70,&quot;startDelay&quot;:500,&quot;backSpeed&quot;:40,&quot;backDelay&quot;:500,&quot;loop&quot;:true,&quot;loopCount&quot;:&quot;infinity&quot;}\" >\n\n        \n            <h2 class=\"tx-animated-heading\">\n                <span class=\"tx-animated-heading-before-text\"><\/span>\n                                <span id=\"tx-ah-9258d53\" class=\"tx-animated-txt\"><\/span>\n                                <span class=\"tx-animated-heading-after-text\"><\/span>\n            <\/h2>\n\n        \n    <\/div>\n\n\n\n\t\t<\/div>\n\t\t\t\t<\/div>\n\t\t\t\t\t<\/div>\n\t\t<\/div>\n\t\t\t\t\t\t\t<\/div>\n\t\t<\/section>\n\t\t\t\t\t\t\t<\/div>\n\t\t","protected":false},"excerpt":{"rendered":"<p class=\"tx-excerpt\">Bernard H KOUDJO (alias BHK) est un entrepreneur visionnaire qui a fond\u00e9 et dirige LINGUA ETC, un prestigieux institut de langues ayant une forte pr\u00e9sence dans les principales villes d&#8217;Afrique et d&#8217;Europe. Sous","protected":false},"author":1,"featured_media":0,"parent":0,"menu_order":0,"comment_status":"closed","ping_status":"closed","template":"templates\/blank.php","meta":{"footnotes":""},"_links":{"self":[{"href":"https:\/\/linguabybhk.com\/index.php\/wp-json\/wp\/v2\/pages\/240"}],"collection":[{"href":"https:\/\/linguabybhk.com\/index.php\/wp-json\/wp\/v2\/pages"}],"about":[{"href":"https:\/\/linguabybhk.com\/index.php\/wp-json\/wp\/v2\/types\/page"}],"author":[{"embeddable":true,"href":"https:\/\/linguabybhk.com\/index.php\/wp-json\/wp\/v2\/users\/1"}],"replies":[{"embeddable":true,"href":"https:\/\/linguabybhk.com\/index.php\/wp-json\/wp\/v2\/comments?post=240"}],"version-history":[{"count":48,"href":"https:\/\/linguabybhk.com\/index.php\/wp-json\/wp\/v2\/pages\/240\/revisions"}],"predecessor-version":[{"id":1487,"href":"https:\/\/linguabybhk.com\/index.php\/wp-json\/wp\/v2\/pages\/240\/revisions\/1487"}],"wp:attachment":[{"href":"https:\/\/linguabybhk.com\/index.php\/wp-json\/wp\/v2\/media?parent=240"}],"curies":[{"name":"wp","href":"https:\/\/api.w.org\/{rel}","templated":true}]}}